{"id":1189,"date":"2022-03-17T12:01:40","date_gmt":"2022-03-17T11:01:40","guid":{"rendered":"https:\/\/gomis.wearemanyfold.com\/?page_id=1189"},"modified":"2025-09-22T18:41:38","modified_gmt":"2025-09-22T16:41:38","slug":"presentation","status":"publish","type":"page","link":"https:\/\/monocle.lu\/en\/presentation\/","title":{"rendered":"Presentation"},"content":{"rendered":"","protected":false},"excerpt":{"rendered":"","protected":false},"author":3,"featured_media":0,"parent":0,"menu_order":1,"comment_status":"closed","ping_status":"closed","template":"","meta":{"_acf_changed":false,"inline_featured_image":false,"footnotes":""},"class_list":["post-1189","page","type-page","status-publish","hentry"],"acf":[],"yoast_head":"<!-- This site is optimized with the Yoast SEO plugin v27.1.1 - https:\/\/yoast.com\/product\/yoast-seo-wordpress\/ -->\n<title>Monocle - Pr\u00e9sentation<\/title>\n<meta name=\"description\" content=\"Monocle AM est une soci\u00e9t\u00e9 de gestion fond\u00e9e par Charles Monot. Notre philosophie est de faire prosp\u00e9rer le patrimoine mais pas \u00e0 tout prix .\" \/>\n<meta name=\"robots\" content=\"index, follow, max-snippet:-1, max-image-preview:large, max-video-preview:-1\" \/>\n<link rel=\"canonical\" href=\"https:\/\/monocle.lu\/en\/presentation\/\" \/>\n<meta property=\"og:locale\" content=\"en_GB\" \/>\n<meta property=\"og:type\" content=\"article\" \/>\n<meta property=\"og:title\" content=\"Monocle - Pr\u00e9sentation\" \/>\n<meta property=\"og:description\" content=\"Monocle AM est une soci\u00e9t\u00e9 de gestion fond\u00e9e par Charles Monot. Notre philosophie est de faire prosp\u00e9rer le patrimoine mais pas \u00e0 tout prix .\" \/>\n<meta property=\"og:url\" content=\"https:\/\/monocle.lu\/en\/presentation\/\" \/>\n<meta property=\"og:site_name\" content=\"Monocle\" \/>\n<meta property=\"article:modified_time\" content=\"2025-09-22T16:41:38+00:00\" \/>\n<meta property=\"og:image\" content=\"https:\/\/monocle.lu\/wp-content\/uploads\/2021\/07\/Logo-MAM.jpg\" \/>\n\t<meta property=\"og:image:width\" content=\"1273\" \/>\n\t<meta property=\"og:image:height\" content=\"925\" \/>\n\t<meta property=\"og:image:type\" content=\"image\/jpeg\" \/>\n<meta name=\"twitter:card\" content=\"summary_large_image\" \/>\n<meta name=\"twitter:label1\" content=\"Estimated reading time\" \/>\n\t<meta name=\"twitter:data1\" content=\"3 minutes\" \/>\n<script type=\"application\/ld+json\" class=\"yoast-schema-graph\">{\"@context\":\"https:\/\/schema.org\",\"@graph\":[{\"@type\":\"WebPage\",\"@id\":\"https:\/\/monocle.lu\/presentation\/\",\"url\":\"https:\/\/monocle.lu\/presentation\/\",\"name\":\"Monocle - Pr\u00e9sentation\",\"isPartOf\":{\"@id\":\"https:\/\/monocle.lu\/#website\"},\"datePublished\":\"2022-03-17T11:01:40+00:00\",\"dateModified\":\"2025-09-22T16:41:38+00:00\",\"description\":\"Monocle AM est une soci\u00e9t\u00e9 de gestion fond\u00e9e par Charles Monot. Notre philosophie est de faire prosp\u00e9rer le patrimoine mais pas \u00e0 tout prix .\",\"breadcrumb\":{\"@id\":\"https:\/\/monocle.lu\/presentation\/#breadcrumb\"},\"inLanguage\":\"en-GB\",\"potentialAction\":[{\"@type\":\"ReadAction\",\"target\":[\"https:\/\/monocle.lu\/presentation\/\"]}]},{\"@type\":\"BreadcrumbList\",\"@id\":\"https:\/\/monocle.lu\/presentation\/#breadcrumb\",\"itemListElement\":[{\"@type\":\"ListItem\",\"position\":1,\"name\":\"Rethink the way you train\",\"item\":\"https:\/\/monocle.lu\/\"},{\"@type\":\"ListItem\",\"position\":2,\"name\":\"Pr\u00e9sentation\"}]},{\"@type\":\"WebSite\",\"@id\":\"https:\/\/monocle.lu\/#website\",\"url\":\"https:\/\/monocle.lu\/\",\"name\":\"Monocle\",\"description\":\"Asset Management\",\"publisher\":{\"@id\":\"https:\/\/monocle.lu\/#organization\"},\"potentialAction\":[{\"@type\":\"SearchAction\",\"target\":{\"@type\":\"EntryPoint\",\"urlTemplate\":\"https:\/\/monocle.lu\/?s={search_term_string}\"},\"query-input\":{\"@type\":\"PropertyValueSpecification\",\"valueRequired\":true,\"valueName\":\"search_term_string\"}}],\"inLanguage\":\"en-GB\"},{\"@type\":\"Organization\",\"@id\":\"https:\/\/monocle.lu\/#organization\",\"name\":\"Monocle\",\"url\":\"https:\/\/monocle.lu\/\",\"logo\":{\"@type\":\"ImageObject\",\"inLanguage\":\"en-GB\",\"@id\":\"https:\/\/monocle.lu\/#\/schema\/logo\/image\/\",\"url\":\"https:\/\/monocle.lu\/wp-content\/uploads\/2022\/03\/logo.svg\",\"contentUrl\":\"https:\/\/monocle.lu\/wp-content\/uploads\/2022\/03\/logo.svg\",\"width\":152,\"height\":37,\"caption\":\"Monocle\"},\"image\":{\"@id\":\"https:\/\/monocle.lu\/#\/schema\/logo\/image\/\"}}]}<\/script>\n<!-- \/ Yoast SEO plugin. -->","yoast_head_json":{"title":"Monocle - Pr\u00e9sentation","description":"Monocle AM est une soci\u00e9t\u00e9 de gestion fond\u00e9e par Charles Monot. Notre philosophie est de faire prosp\u00e9rer le patrimoine mais pas \u00e0 tout prix .","robots":{"index":"index","follow":"follow","max-snippet":"max-snippet:-1","max-image-preview":"max-image-preview:large","max-video-preview":"max-video-preview:-1"},"canonical":"https:\/\/monocle.lu\/en\/presentation\/","og_locale":"en_GB","og_type":"article","og_title":"Monocle - Pr\u00e9sentation","og_description":"Monocle AM est une soci\u00e9t\u00e9 de gestion fond\u00e9e par Charles Monot. Notre philosophie est de faire prosp\u00e9rer le patrimoine mais pas \u00e0 tout prix .","og_url":"https:\/\/monocle.lu\/en\/presentation\/","og_site_name":"Monocle","article_modified_time":"2025-09-22T16:41:38+00:00","og_image":[{"width":1273,"height":925,"url":"https:\/\/monocle.lu\/wp-content\/uploads\/2021\/07\/Logo-MAM.jpg","type":"image\/jpeg"}],"twitter_card":"summary_large_image","twitter_misc":{"Estimated reading time":"3 minutes"},"schema":{"@context":"https:\/\/schema.org","@graph":[{"@type":"WebPage","@id":"https:\/\/monocle.lu\/presentation\/","url":"https:\/\/monocle.lu\/presentation\/","name":"Monocle - Pr\u00e9sentation","isPartOf":{"@id":"https:\/\/monocle.lu\/#website"},"datePublished":"2022-03-17T11:01:40+00:00","dateModified":"2025-09-22T16:41:38+00:00","description":"Monocle AM est une soci\u00e9t\u00e9 de gestion fond\u00e9e par Charles Monot. Notre philosophie est de faire prosp\u00e9rer le patrimoine mais pas \u00e0 tout prix .","breadcrumb":{"@id":"https:\/\/monocle.lu\/presentation\/#breadcrumb"},"inLanguage":"en-GB","potentialAction":[{"@type":"ReadAction","target":["https:\/\/monocle.lu\/presentation\/"]}]},{"@type":"BreadcrumbList","@id":"https:\/\/monocle.lu\/presentation\/#breadcrumb","itemListElement":[{"@type":"ListItem","position":1,"name":"Rethink the way you train","item":"https:\/\/monocle.lu\/"},{"@type":"ListItem","position":2,"name":"Pr\u00e9sentation"}]},{"@type":"WebSite","@id":"https:\/\/monocle.lu\/#website","url":"https:\/\/monocle.lu\/","name":"Monocle","description":"Asset Management","publisher":{"@id":"https:\/\/monocle.lu\/#organization"},"potentialAction":[{"@type":"SearchAction","target":{"@type":"EntryPoint","urlTemplate":"https:\/\/monocle.lu\/?s={search_term_string}"},"query-input":{"@type":"PropertyValueSpecification","valueRequired":true,"valueName":"search_term_string"}}],"inLanguage":"en-GB"},{"@type":"Organization","@id":"https:\/\/monocle.lu\/#organization","name":"Monocle","url":"https:\/\/monocle.lu\/","logo":{"@type":"ImageObject","inLanguage":"en-GB","@id":"https:\/\/monocle.lu\/#\/schema\/logo\/image\/","url":"https:\/\/monocle.lu\/wp-content\/uploads\/2022\/03\/logo.svg","contentUrl":"https:\/\/monocle.lu\/wp-content\/uploads\/2022\/03\/logo.svg","width":152,"height":37,"caption":"Monocle"},"image":{"@id":"https:\/\/monocle.lu\/#\/schema\/logo\/image\/"}}]}},"_links":{"self":[{"href":"https:\/\/monocle.lu\/en\/wp-json\/wp\/v2\/pages\/1189","targetHints":{"allow":["GET"]}}],"collection":[{"href":"https:\/\/monocle.lu\/en\/wp-json\/wp\/v2\/pages"}],"about":[{"href":"https:\/\/monocle.lu\/en\/wp-json\/wp\/v2\/types\/page"}],"author":[{"embeddable":true,"href":"https:\/\/monocle.lu\/en\/wp-json\/wp\/v2\/users\/3"}],"replies":[{"embeddable":true,"href":"https:\/\/monocle.lu\/en\/wp-json\/wp\/v2\/comments?post=1189"}],"version-history":[{"count":0,"href":"https:\/\/monocle.lu\/en\/wp-json\/wp\/v2\/pages\/1189\/revisions"}],"wp:attachment":[{"href":"https:\/\/monocle.lu\/en\/wp-json\/wp\/v2\/media?parent=1189"}],"curies":[{"name":"wp","href":"https:\/\/api.w.org\/{rel}","templated":true}]}}