{"id":2,"date":"2021-11-01T00:00:00","date_gmt":"2021-10-31T23:00:00","guid":{"rendered":"https:\/\/ap.wearemanyfold.com\/?page_id=2"},"modified":"2026-01-19T18:08:26","modified_gmt":"2026-01-19T17:08:26","slug":"accueil","status":"publish","type":"page","link":"https:\/\/monocle.lu\/en\/","title":{"rendered":"Accueil"},"content":{"rendered":"<h1>Monocle Fund<\/h1>\n<h2>49% Max equities, 51% Min fixed income products.<\/h2>\n<p>Originally created to manage Charles Monot's assets, the fund responds to a challenge: remaining opportunistic while preserving assets. The fund does not use complex products or leverage and invests in the European and American markets.<\/p>","protected":false},"excerpt":{"rendered":"<p>Monocle Fund Max 49% actions, Min 51% produits de taux. Cr\u00e9\u00e9 \u00e0 l\u2019origine pour g\u00e9rer le patrimoine de Charles Monot, le fonds r\u00e9pond \u00e0 une probl\u00e9matique : rester&#8230;<\/p>","protected":false},"author":3,"featured_media":0,"parent":0,"menu_order":0,"comment_status":"closed","ping_status":"closed","template":"","meta":{"_acf_changed":false,"inline_featured_image":false,"footnotes":""},"class_list":["post-2","page","type-page","status-publish","hentry"],"acf":[],"yoast_head":"<!-- This site is optimized with the Yoast SEO plugin v27.3 - https:\/\/yoast.com\/product\/yoast-seo-wordpress\/ -->\n<title>Monocle - Asset Management<\/title>\n<meta name=\"description\" content=\"Monocle AM est une soci\u00e9t\u00e9 de gestion ind\u00e9pendante fond\u00e9e par Charles Monot. Nous sommes l\u00e0 pour d\u00e9celer les opportunit\u00e9s ignor\u00e9es par le march\u00e9.\" \/>\n<meta name=\"robots\" content=\"index, follow, max-snippet:-1, max-image-preview:large, max-video-preview:-1\" \/>\n<link rel=\"canonical\" href=\"https:\/\/monocle.lu\/en\/\" \/>\n<meta property=\"og:locale\" content=\"en_GB\" \/>\n<meta property=\"og:type\" content=\"article\" \/>\n<meta property=\"og:title\" content=\"Monocle - Asset Management\" \/>\n<meta property=\"og:description\" content=\"Monocle AM est une soci\u00e9t\u00e9 de gestion ind\u00e9pendante fond\u00e9e par Charles Monot. Nous sommes l\u00e0 pour d\u00e9celer les opportunit\u00e9s ignor\u00e9es par le march\u00e9.\" \/>\n<meta property=\"og:url\" content=\"https:\/\/monocle.lu\/en\/\" \/>\n<meta property=\"og:site_name\" content=\"Monocle\" \/>\n<meta property=\"article:modified_time\" content=\"2026-01-19T17:08:26+00:00\" \/>\n<meta property=\"og:image\" content=\"https:\/\/monocle.lu\/wp-content\/uploads\/2021\/07\/Logo-MAM.jpg\" \/>\n\t<meta property=\"og:image:width\" content=\"1273\" \/>\n\t<meta property=\"og:image:height\" content=\"925\" \/>\n\t<meta property=\"og:image:type\" content=\"image\/jpeg\" \/>\n<meta name=\"twitter:card\" content=\"summary_large_image\" \/>\n<meta name=\"twitter:label1\" content=\"Estimated reading time\" \/>\n\t<meta name=\"twitter:data1\" content=\"6 minutes\" \/>\n<script type=\"application\/ld+json\" class=\"yoast-schema-graph\">{\"@context\":\"https:\\\/\\\/schema.org\",\"@graph\":[{\"@type\":\"WebPage\",\"@id\":\"https:\\\/\\\/monocle.lu\\\/\",\"url\":\"https:\\\/\\\/monocle.lu\\\/\",\"name\":\"Monocle - Asset Management\",\"isPartOf\":{\"@id\":\"https:\\\/\\\/monocle.lu\\\/#website\"},\"datePublished\":\"2021-10-31T23:00:00+00:00\",\"dateModified\":\"2026-01-19T17:08:26+00:00\",\"description\":\"Monocle AM est une soci\u00e9t\u00e9 de gestion ind\u00e9pendante fond\u00e9e par Charles Monot. Nous sommes l\u00e0 pour d\u00e9celer les opportunit\u00e9s ignor\u00e9es par le march\u00e9.\",\"breadcrumb\":{\"@id\":\"https:\\\/\\\/monocle.lu\\\/#breadcrumb\"},\"inLanguage\":\"en-GB\",\"potentialAction\":[{\"@type\":\"ReadAction\",\"target\":[\"https:\\\/\\\/monocle.lu\\\/\"]}]},{\"@type\":\"BreadcrumbList\",\"@id\":\"https:\\\/\\\/monocle.lu\\\/#breadcrumb\",\"itemListElement\":[{\"@type\":\"ListItem\",\"position\":1,\"name\":\"Rethink the way you train\",\"item\":\"https:\\\/\\\/monocle.lu\\\/\"},{\"@type\":\"ListItem\",\"position\":2,\"name\":\"Accueil\"}]},{\"@type\":\"WebSite\",\"@id\":\"https:\\\/\\\/monocle.lu\\\/#website\",\"url\":\"https:\\\/\\\/monocle.lu\\\/\",\"name\":\"Monocle\",\"description\":\"Asset Management\",\"publisher\":{\"@id\":\"https:\\\/\\\/monocle.lu\\\/#organization\"},\"potentialAction\":[{\"@type\":\"SearchAction\",\"target\":{\"@type\":\"EntryPoint\",\"urlTemplate\":\"https:\\\/\\\/monocle.lu\\\/?s={search_term_string}\"},\"query-input\":{\"@type\":\"PropertyValueSpecification\",\"valueRequired\":true,\"valueName\":\"search_term_string\"}}],\"inLanguage\":\"en-GB\"},{\"@type\":\"Organization\",\"@id\":\"https:\\\/\\\/monocle.lu\\\/#organization\",\"name\":\"Monocle\",\"url\":\"https:\\\/\\\/monocle.lu\\\/\",\"logo\":{\"@type\":\"ImageObject\",\"inLanguage\":\"en-GB\",\"@id\":\"https:\\\/\\\/monocle.lu\\\/#\\\/schema\\\/logo\\\/image\\\/\",\"url\":\"https:\\\/\\\/monocle.lu\\\/wp-content\\\/uploads\\\/2022\\\/03\\\/logo.svg\",\"contentUrl\":\"https:\\\/\\\/monocle.lu\\\/wp-content\\\/uploads\\\/2022\\\/03\\\/logo.svg\",\"width\":152,\"height\":37,\"caption\":\"Monocle\"},\"image\":{\"@id\":\"https:\\\/\\\/monocle.lu\\\/#\\\/schema\\\/logo\\\/image\\\/\"}}]}<\/script>\n<!-- \/ Yoast SEO plugin. -->","yoast_head_json":{"title":"Monocle - Asset Management","description":"Monocle AM est une soci\u00e9t\u00e9 de gestion ind\u00e9pendante fond\u00e9e par Charles Monot. Nous sommes l\u00e0 pour d\u00e9celer les opportunit\u00e9s ignor\u00e9es par le march\u00e9.","robots":{"index":"index","follow":"follow","max-snippet":"max-snippet:-1","max-image-preview":"max-image-preview:large","max-video-preview":"max-video-preview:-1"},"canonical":"https:\/\/monocle.lu\/en\/","og_locale":"en_GB","og_type":"article","og_title":"Monocle - Asset Management","og_description":"Monocle AM est une soci\u00e9t\u00e9 de gestion ind\u00e9pendante fond\u00e9e par Charles Monot. Nous sommes l\u00e0 pour d\u00e9celer les opportunit\u00e9s ignor\u00e9es par le march\u00e9.","og_url":"https:\/\/monocle.lu\/en\/","og_site_name":"Monocle","article_modified_time":"2026-01-19T17:08:26+00:00","og_image":[{"width":1273,"height":925,"url":"https:\/\/monocle.lu\/wp-content\/uploads\/2021\/07\/Logo-MAM.jpg","type":"image\/jpeg"}],"twitter_card":"summary_large_image","twitter_misc":{"Estimated reading time":"6 minutes"},"schema":{"@context":"https:\/\/schema.org","@graph":[{"@type":"WebPage","@id":"https:\/\/monocle.lu\/","url":"https:\/\/monocle.lu\/","name":"Monocle - Asset Management","isPartOf":{"@id":"https:\/\/monocle.lu\/#website"},"datePublished":"2021-10-31T23:00:00+00:00","dateModified":"2026-01-19T17:08:26+00:00","description":"Monocle AM est une soci\u00e9t\u00e9 de gestion ind\u00e9pendante fond\u00e9e par Charles Monot. Nous sommes l\u00e0 pour d\u00e9celer les opportunit\u00e9s ignor\u00e9es par le march\u00e9.","breadcrumb":{"@id":"https:\/\/monocle.lu\/#breadcrumb"},"inLanguage":"en-GB","potentialAction":[{"@type":"ReadAction","target":["https:\/\/monocle.lu\/"]}]},{"@type":"BreadcrumbList","@id":"https:\/\/monocle.lu\/#breadcrumb","itemListElement":[{"@type":"ListItem","position":1,"name":"Rethink the way you train","item":"https:\/\/monocle.lu\/"},{"@type":"ListItem","position":2,"name":"Accueil"}]},{"@type":"WebSite","@id":"https:\/\/monocle.lu\/#website","url":"https:\/\/monocle.lu\/","name":"Monocle","description":"Asset Management","publisher":{"@id":"https:\/\/monocle.lu\/#organization"},"potentialAction":[{"@type":"SearchAction","target":{"@type":"EntryPoint","urlTemplate":"https:\/\/monocle.lu\/?s={search_term_string}"},"query-input":{"@type":"PropertyValueSpecification","valueRequired":true,"valueName":"search_term_string"}}],"inLanguage":"en-GB"},{"@type":"Organization","@id":"https:\/\/monocle.lu\/#organization","name":"Monocle","url":"https:\/\/monocle.lu\/","logo":{"@type":"ImageObject","inLanguage":"en-GB","@id":"https:\/\/monocle.lu\/#\/schema\/logo\/image\/","url":"https:\/\/monocle.lu\/wp-content\/uploads\/2022\/03\/logo.svg","contentUrl":"https:\/\/monocle.lu\/wp-content\/uploads\/2022\/03\/logo.svg","width":152,"height":37,"caption":"Monocle"},"image":{"@id":"https:\/\/monocle.lu\/#\/schema\/logo\/image\/"}}]}},"_links":{"self":[{"href":"https:\/\/monocle.lu\/en\/wp-json\/wp\/v2\/pages\/2","targetHints":{"allow":["GET"]}}],"collection":[{"href":"https:\/\/monocle.lu\/en\/wp-json\/wp\/v2\/pages"}],"about":[{"href":"https:\/\/monocle.lu\/en\/wp-json\/wp\/v2\/types\/page"}],"author":[{"embeddable":true,"href":"https:\/\/monocle.lu\/en\/wp-json\/wp\/v2\/users\/3"}],"replies":[{"embeddable":true,"href":"https:\/\/monocle.lu\/en\/wp-json\/wp\/v2\/comments?post=2"}],"version-history":[{"count":0,"href":"https:\/\/monocle.lu\/en\/wp-json\/wp\/v2\/pages\/2\/revisions"}],"wp:attachment":[{"href":"https:\/\/monocle.lu\/en\/wp-json\/wp\/v2\/media?parent=2"}],"curies":[{"name":"wp","href":"https:\/\/api.w.org\/{rel}","templated":true}]}}