{"id":2264,"date":"2022-03-29T14:06:41","date_gmt":"2022-03-29T12:06:41","guid":{"rendered":"https:\/\/monocle2022.wearemanyfold.com\/?page_id=2264"},"modified":"2023-12-08T13:01:21","modified_gmt":"2023-12-08T12:01:21","slug":"nous-rejoindre","status":"publish","type":"page","link":"https:\/\/monocle.lu\/en\/nous-rejoindre\/","title":{"rendered":"Join Us"},"content":{"rendered":"<h4 class=\"t-24 t-bold jobs-unified-top-card__job-title\"><\/h4>\n<h4><a href=\"https:\/\/www.linkedin.com\/jobs\/view\/3782174836\">Stage &#8211; Assistant G\u00e9rant de Portefeuille &#8211; Janvier 2024<\/a><\/h4>\n<p>&nbsp;<\/p>\n<h4>No suitable offer?<\/h4>\n<p>Do not hesitate to send us your application to <a href=\"\/en\/&\/#109;&#x61;&#x69;&#108;&#x74;&#x6f;:&#x6d;&#x6f;n&#111;&#x63;l&#101;&#x40;m&#111;&#x6e;o&#99;&#x6c;e&#46;&#x6c;&#x75;\" target=\"_blank\" rel=\"noopener\">&#109;o&#x6e;o&#x63;l&#x65;&#64;&#x6d;&#111;&#x6e;&#111;c&#x6c;e&#x2e;l&#x75;<\/a> - our team is always looking for talented and motivated people!<\/p>","protected":false},"excerpt":{"rendered":"<p>Stage &#8211; Assistant G\u00e9rant de Portefeuille &#8211; Janvier 2024 &nbsp; Aucune offre ne vous correspond ? N&rsquo;h\u00e9sitez pas \u00e0 nous envoyer votre candidature \u00e0 l&rsquo;adresse &#109;&#111;&#x6e;o&#99;&#x6c;&#x65;&#64;&#109;&#x6f;&#x6e;o&#99;&#x6c;&#x65;&#46;&#108;&#x75; &#8211; notre&#8230;<\/p>","protected":false},"author":3,"featured_media":0,"parent":0,"menu_order":10,"comment_status":"closed","ping_status":"closed","template":"","meta":{"_acf_changed":false,"inline_featured_image":false,"footnotes":""},"class_list":["post-2264","page","type-page","status-publish","hentry"],"acf":[],"yoast_head":"<!-- This site is optimized with the Yoast SEO plugin v27.3 - https:\/\/yoast.com\/product\/yoast-seo-wordpress\/ -->\n<title>Monocle - Nous Rejoindre<\/title>\n<meta name=\"description\" content=\"N&#039;h\u00e9sitez pas \u00e0 nous envoyer votre candidature \u00e0 l&#039;adresse monocle@monocle.lu\" \/>\n<meta name=\"robots\" content=\"index, follow, max-snippet:-1, max-image-preview:large, max-video-preview:-1\" \/>\n<link rel=\"canonical\" href=\"https:\/\/monocle.lu\/en\/nous-rejoindre\/\" \/>\n<meta property=\"og:locale\" content=\"en_GB\" \/>\n<meta property=\"og:type\" content=\"article\" \/>\n<meta property=\"og:title\" content=\"Monocle - Nous Rejoindre\" \/>\n<meta property=\"og:description\" content=\"N&#039;h\u00e9sitez pas \u00e0 nous envoyer votre candidature \u00e0 l&#039;adresse monocle@monocle.lu\" \/>\n<meta property=\"og:url\" content=\"https:\/\/monocle.lu\/en\/nous-rejoindre\/\" \/>\n<meta property=\"og:site_name\" content=\"Monocle\" \/>\n<meta property=\"article:modified_time\" content=\"2023-12-08T12:01:21+00:00\" \/>\n<meta property=\"og:image\" content=\"https:\/\/monocle.lu\/wp-content\/uploads\/2021\/07\/Logo-MAM.jpg\" \/>\n\t<meta property=\"og:image:width\" content=\"1273\" \/>\n\t<meta property=\"og:image:height\" content=\"925\" \/>\n\t<meta property=\"og:image:type\" content=\"image\/jpeg\" \/>\n<meta name=\"twitter:card\" content=\"summary_large_image\" \/>\n<meta name=\"twitter:label1\" content=\"Estimated reading time\" \/>\n\t<meta name=\"twitter:data1\" content=\"1 minute\" \/>\n<script type=\"application\/ld+json\" class=\"yoast-schema-graph\">{\"@context\":\"https:\\\/\\\/schema.org\",\"@graph\":[{\"@type\":\"WebPage\",\"@id\":\"https:\\\/\\\/monocle.lu\\\/nous-rejoindre\\\/\",\"url\":\"https:\\\/\\\/monocle.lu\\\/nous-rejoindre\\\/\",\"name\":\"Monocle - Nous Rejoindre\",\"isPartOf\":{\"@id\":\"https:\\\/\\\/monocle.lu\\\/#website\"},\"datePublished\":\"2022-03-29T12:06:41+00:00\",\"dateModified\":\"2023-12-08T12:01:21+00:00\",\"description\":\"N'h\u00e9sitez pas \u00e0 nous envoyer votre candidature \u00e0 l'adresse monocle@monocle.lu\",\"breadcrumb\":{\"@id\":\"https:\\\/\\\/monocle.lu\\\/nous-rejoindre\\\/#breadcrumb\"},\"inLanguage\":\"en-GB\",\"potentialAction\":[{\"@type\":\"ReadAction\",\"target\":[\"https:\\\/\\\/monocle.lu\\\/nous-rejoindre\\\/\"]}]},{\"@type\":\"BreadcrumbList\",\"@id\":\"https:\\\/\\\/monocle.lu\\\/nous-rejoindre\\\/#breadcrumb\",\"itemListElement\":[{\"@type\":\"ListItem\",\"position\":1,\"name\":\"Rethink the way you train\",\"item\":\"https:\\\/\\\/monocle.lu\\\/\"},{\"@type\":\"ListItem\",\"position\":2,\"name\":\"Nous Rejoindre\"}]},{\"@type\":\"WebSite\",\"@id\":\"https:\\\/\\\/monocle.lu\\\/#website\",\"url\":\"https:\\\/\\\/monocle.lu\\\/\",\"name\":\"Monocle\",\"description\":\"Asset Management\",\"publisher\":{\"@id\":\"https:\\\/\\\/monocle.lu\\\/#organization\"},\"potentialAction\":[{\"@type\":\"SearchAction\",\"target\":{\"@type\":\"EntryPoint\",\"urlTemplate\":\"https:\\\/\\\/monocle.lu\\\/?s={search_term_string}\"},\"query-input\":{\"@type\":\"PropertyValueSpecification\",\"valueRequired\":true,\"valueName\":\"search_term_string\"}}],\"inLanguage\":\"en-GB\"},{\"@type\":\"Organization\",\"@id\":\"https:\\\/\\\/monocle.lu\\\/#organization\",\"name\":\"Monocle\",\"url\":\"https:\\\/\\\/monocle.lu\\\/\",\"logo\":{\"@type\":\"ImageObject\",\"inLanguage\":\"en-GB\",\"@id\":\"https:\\\/\\\/monocle.lu\\\/#\\\/schema\\\/logo\\\/image\\\/\",\"url\":\"https:\\\/\\\/monocle.lu\\\/wp-content\\\/uploads\\\/2022\\\/03\\\/logo.svg\",\"contentUrl\":\"https:\\\/\\\/monocle.lu\\\/wp-content\\\/uploads\\\/2022\\\/03\\\/logo.svg\",\"width\":152,\"height\":37,\"caption\":\"Monocle\"},\"image\":{\"@id\":\"https:\\\/\\\/monocle.lu\\\/#\\\/schema\\\/logo\\\/image\\\/\"}}]}<\/script>\n<!-- \/ Yoast SEO plugin. -->","yoast_head_json":{"title":"Monocle - Nous Rejoindre","description":"N'h\u00e9sitez pas \u00e0 nous envoyer votre candidature \u00e0 l'adresse monocle@monocle.lu","robots":{"index":"index","follow":"follow","max-snippet":"max-snippet:-1","max-image-preview":"max-image-preview:large","max-video-preview":"max-video-preview:-1"},"canonical":"https:\/\/monocle.lu\/en\/nous-rejoindre\/","og_locale":"en_GB","og_type":"article","og_title":"Monocle - Nous Rejoindre","og_description":"N'h\u00e9sitez pas \u00e0 nous envoyer votre candidature \u00e0 l'adresse monocle@monocle.lu","og_url":"https:\/\/monocle.lu\/en\/nous-rejoindre\/","og_site_name":"Monocle","article_modified_time":"2023-12-08T12:01:21+00:00","og_image":[{"width":1273,"height":925,"url":"https:\/\/monocle.lu\/wp-content\/uploads\/2021\/07\/Logo-MAM.jpg","type":"image\/jpeg"}],"twitter_card":"summary_large_image","twitter_misc":{"Estimated reading time":"1 minute"},"schema":{"@context":"https:\/\/schema.org","@graph":[{"@type":"WebPage","@id":"https:\/\/monocle.lu\/nous-rejoindre\/","url":"https:\/\/monocle.lu\/nous-rejoindre\/","name":"Monocle - Nous Rejoindre","isPartOf":{"@id":"https:\/\/monocle.lu\/#website"},"datePublished":"2022-03-29T12:06:41+00:00","dateModified":"2023-12-08T12:01:21+00:00","description":"N'h\u00e9sitez pas \u00e0 nous envoyer votre candidature \u00e0 l'adresse monocle@monocle.lu","breadcrumb":{"@id":"https:\/\/monocle.lu\/nous-rejoindre\/#breadcrumb"},"inLanguage":"en-GB","potentialAction":[{"@type":"ReadAction","target":["https:\/\/monocle.lu\/nous-rejoindre\/"]}]},{"@type":"BreadcrumbList","@id":"https:\/\/monocle.lu\/nous-rejoindre\/#breadcrumb","itemListElement":[{"@type":"ListItem","position":1,"name":"Rethink the way you train","item":"https:\/\/monocle.lu\/"},{"@type":"ListItem","position":2,"name":"Nous Rejoindre"}]},{"@type":"WebSite","@id":"https:\/\/monocle.lu\/#website","url":"https:\/\/monocle.lu\/","name":"Monocle","description":"Asset Management","publisher":{"@id":"https:\/\/monocle.lu\/#organization"},"potentialAction":[{"@type":"SearchAction","target":{"@type":"EntryPoint","urlTemplate":"https:\/\/monocle.lu\/?s={search_term_string}"},"query-input":{"@type":"PropertyValueSpecification","valueRequired":true,"valueName":"search_term_string"}}],"inLanguage":"en-GB"},{"@type":"Organization","@id":"https:\/\/monocle.lu\/#organization","name":"Monocle","url":"https:\/\/monocle.lu\/","logo":{"@type":"ImageObject","inLanguage":"en-GB","@id":"https:\/\/monocle.lu\/#\/schema\/logo\/image\/","url":"https:\/\/monocle.lu\/wp-content\/uploads\/2022\/03\/logo.svg","contentUrl":"https:\/\/monocle.lu\/wp-content\/uploads\/2022\/03\/logo.svg","width":152,"height":37,"caption":"Monocle"},"image":{"@id":"https:\/\/monocle.lu\/#\/schema\/logo\/image\/"}}]}},"_links":{"self":[{"href":"https:\/\/monocle.lu\/en\/wp-json\/wp\/v2\/pages\/2264","targetHints":{"allow":["GET"]}}],"collection":[{"href":"https:\/\/monocle.lu\/en\/wp-json\/wp\/v2\/pages"}],"about":[{"href":"https:\/\/monocle.lu\/en\/wp-json\/wp\/v2\/types\/page"}],"author":[{"embeddable":true,"href":"https:\/\/monocle.lu\/en\/wp-json\/wp\/v2\/users\/3"}],"replies":[{"embeddable":true,"href":"https:\/\/monocle.lu\/en\/wp-json\/wp\/v2\/comments?post=2264"}],"version-history":[{"count":0,"href":"https:\/\/monocle.lu\/en\/wp-json\/wp\/v2\/pages\/2264\/revisions"}],"wp:attachment":[{"href":"https:\/\/monocle.lu\/en\/wp-json\/wp\/v2\/media?parent=2264"}],"curies":[{"name":"wp","href":"https:\/\/api.w.org\/{rel}","templated":true}]}}